{"id":132,"date":"2017-04-29T21:22:27","date_gmt":"2017-04-29T19:22:27","guid":{"rendered":"http:\/\/cajovnajasminka.sk\/?product=analgetik-bylinny-caj-sypany"},"modified":"2023-02-15T11:15:42","modified_gmt":"2023-02-15T10:15:42","slug":"analgetik-bylinny-caj-sypany","status":"publish","type":"product","link":"http:\/\/cajovnajasminka.sk\/?product=analgetik-bylinny-caj-sypany","title":{"rendered":"Analgetik-Bylinn\u00fd \u010daj sypan\u00fd"},"content":{"rendered":"<p>\u010cesk\u00fd kvalitn\u00fd sypan\u00fd bylinn\u00fd \u010daj zostavovan\u00fd pod\u013ea origin\u00e1lnej recept\u00fary, chr\u00e1nen\u00fd ochrannou zn\u00e1mkou, ur\u010den\u00fd na konkr\u00e9tny probl\u00e9m.<\/p>\n<p><strong>Zlo\u017eenie :\u00a0<\/strong><\/p>\n<p><strong>\u0160korica k\u00f4ra<\/strong> \u2013 podporuje spr\u00e1vnu funkciu nervov\u00e9ho apar\u00e1tu, tlm\u00ed neuralgie<br \/>\n<strong>Baza \u010dierna plod<\/strong> \u2013 podporuje k\u013aby, pohybov\u00fd apar\u00e1t<br \/>\n<strong>Ovos plod<\/strong> \u2013 podporuje detoxik\u00e1ciu, pohybov\u00fd apar\u00e1t, prirodzen\u00fa men\u0161tru\u00e1ciu<br \/>\n<strong>\u017delezn\u00edk\u00a0v\u0148a\u0165<\/strong> \u2013 napom\u00e1ha norm\u00e1lnej\u00a0<strong>funkci\u00ed pohybov\u00e9ho apar\u00e1tu, uvo\u013e\u0148uje<br \/>\n<\/strong><strong>N\u00e1tr\u017en\u00edk\u00a0hus\u00ed v\u0148a\u0165<\/strong> \u2013 podporuje <strong>norm\u00e1lny priebeh men\u0161tru\u00e1cie, uvo\u013e\u0148uje<\/strong><\/p>\n<p><strong>Gram\u00e1\u017e : 50 g\u00a0<\/strong><\/p>\n","protected":false},"excerpt":{"rendered":"<p>\u010cesk\u00fd kvalitn\u00fd sypan\u00fd bylinn\u00fd \u010daj zostavovan\u00fd pod\u013ea origin\u00e1lnej recept\u00fary, chr\u00e1nen\u00fd ochrannou zn\u00e1mkou, ur\u010den\u00fd na konkr\u00e9tny probl\u00e9m. Zlo\u017eenie :\u00a0 \u0160korica k\u00f4ra \u2013 podporuje spr\u00e1vnu funkciu nervov\u00e9ho apar\u00e1tu, tlm\u00ed neuralgie Baza \u010dierna plod \u2013 podporuje k\u013aby, pohybov\u00fd apar\u00e1t Ovos plod \u2013 podporuje detoxik\u00e1ciu, pohybov\u00fd apar\u00e1t, prirodzen\u00fa men\u0161tru\u00e1ciu \u017delezn\u00edk\u00a0v\u0148a\u0165 \u2013 napom\u00e1ha norm\u00e1lnej\u00a0funkci\u00ed pohybov\u00e9ho apar\u00e1tu, uvo\u013e\u0148uje N\u00e1tr\u017en\u00edk\u00a0hus\u00ed v\u0148a\u0165 \u2013<\/p>\n","protected":false},"featured_media":1880,"comment_status":"open","ping_status":"closed","template":"","meta":[],"_links":{"self":[{"href":"http:\/\/cajovnajasminka.sk\/index.php?rest_route=\/wp\/v2\/product\/132"}],"collection":[{"href":"http:\/\/cajovnajasminka.sk\/index.php?rest_route=\/wp\/v2\/product"}],"about":[{"href":"http:\/\/cajovnajasminka.sk\/index.php?rest_route=\/wp\/v2\/types\/product"}],"replies":[{"embeddable":true,"href":"http:\/\/cajovnajasminka.sk\/index.php?rest_route=%2Fwp%2Fv2%2Fcomments&post=132"}],"wp:featuredmedia":[{"embeddable":true,"href":"http:\/\/cajovnajasminka.sk\/index.php?rest_route=\/wp\/v2\/media\/1880"}],"wp:attachment":[{"href":"http:\/\/cajovnajasminka.sk\/index.php?rest_route=%2Fwp%2Fv2%2Fmedia&parent=132"}],"curies":[{"name":"wp","href":"https:\/\/api.w.org\/{rel}","templated":true}]}}