{"id":1311,"date":"2017-11-30T22:01:11","date_gmt":"2017-11-30T21:01:11","guid":{"rendered":"http:\/\/cajovnajasminka.sk\/?post_type=product&#038;p=1311"},"modified":"2017-11-30T22:06:18","modified_gmt":"2017-11-30T21:06:18","slug":"tigrie-oko-sekany","status":"publish","type":"product","link":"http:\/\/cajovnajasminka.sk\/?product=tigrie-oko-sekany","title":{"rendered":"Tigrie oko &#8211; sekan\u00fd"},"content":{"rendered":"<p><strong>Kame\u0148 odvahy a \u0161\u0165astia<\/strong><\/p>\n<ul>\n<li>Podporuje vh\u013eady do vlastn\u00e9ho vn\u00fatra a \u013eah\u0161ie pomocou neho pochop\u00edme nielen svoje vn\u00fatro ale i duchovno<\/li>\n<li>Dod\u00e1va odvahu a sebavedomie, uzem\u0148uje, posil\u0148uje schopnos\u0165 s\u00fastredi\u0165 sa<\/li>\n<li>Tigrie oko podporuje zdravie a chr\u00e1ni pred tr\u00e1pen\u00edm<\/li>\n<li>Svojmu nosite\u013eovi prin\u00e1\u0161a \u0161\u0165astie. Pom\u00e1ha v \u010dasoch sm\u00fatku a depresie<\/li>\n<li>Jeho energia zr\u00fdch\u013euje tok inform\u00e1ci\u00ed telom<\/li>\n<li>Pom\u00e1ha vyv\u00e1\u017ei\u0165 jinov\u00fa a jangov\u00fa energiu a rie\u0161i vn\u00fatorn\u00e9 konflikty<\/li>\n<li>Zahrieva telo a pom\u00e1ha r\u00fdchlej\u0161ie prekona\u0165 prechladnutie<\/li>\n<li>Odstra\u0148uje citov\u00e9 blok\u00e1dy<\/li>\n<\/ul>\n<p><strong><u>Lie\u010debn\u00e9 vyu\u017eitie:<\/u><\/strong><\/p>\n<ul>\n<li>Uzdravuje krk a\u00a0rozmno\u017eovacie org\u00e1ny<\/li>\n<li>Odstra\u0148uje k\u0155\u010de a\u00a0prek\u00e1\u017eky<\/li>\n<li>Pom\u00e1ha pri n\u00e1prave zlomen\u00fdch kost\u00ed<\/li>\n<\/ul>\n<p><strong><u>Astrologick\u00e9 priradenie:<\/u><\/strong> Bl\u00ed\u017eenci, Lev, Panna, Vodn\u00e1r<\/p>\n<p><strong><u>\u010cistenie: <\/u><\/strong>Pod pr\u00fadom vla\u017enej vody. Kamene nab\u00edjame na priamom slnku tak dlho, pokia\u013e nec\u00edtime ich p\u00f4vodn\u00fa energiu<\/p>\n<p><strong>Upozornenie:<\/strong>\u00a0Sfarbenie a \u0161trukt\u00fara kame\u0148ov sa\u00a0m\u00f4\u017ee v skuto\u010dnosti od uveden\u00fdch fotografi\u00ed\u00a0produktu mierne odli\u0161ova\u0165<\/p>\n","protected":false},"excerpt":{"rendered":"<p><strong>Le\u0161ten\u00e9 kamene v tvare nepravideln\u00fdch sekan\u00fdch z\u0155n, navle\u010den\u00e9 na gumi\u010dke. D\u013e\u017eka n\u00e1ramku je 16-18 cm<\/strong><\/p>\n","protected":false},"featured_media":1314,"comment_status":"closed","ping_status":"closed","template":"","meta":[],"_links":{"self":[{"href":"http:\/\/cajovnajasminka.sk\/index.php?rest_route=\/wp\/v2\/product\/1311"}],"collection":[{"href":"http:\/\/cajovnajasminka.sk\/index.php?rest_route=\/wp\/v2\/product"}],"about":[{"href":"http:\/\/cajovnajasminka.sk\/index.php?rest_route=\/wp\/v2\/types\/product"}],"replies":[{"embeddable":true,"href":"http:\/\/cajovnajasminka.sk\/index.php?rest_route=%2Fwp%2Fv2%2Fcomments&post=1311"}],"wp:featuredmedia":[{"embeddable":true,"href":"http:\/\/cajovnajasminka.sk\/index.php?rest_route=\/wp\/v2\/media\/1314"}],"wp:attachment":[{"href":"http:\/\/cajovnajasminka.sk\/index.php?rest_route=%2Fwp%2Fv2%2Fmedia&parent=1311"}],"curies":[{"name":"wp","href":"https:\/\/api.w.org\/{rel}","templated":true}]}}