{"id":1305,"date":"2017-11-30T17:55:32","date_gmt":"2017-11-30T16:55:32","guid":{"rendered":"http:\/\/cajovnajasminka.sk\/?post_type=product&#038;p=1305"},"modified":"2017-11-30T18:20:40","modified_gmt":"2017-11-30T17:20:40","slug":"kristal-sekany","status":"publish","type":"product","link":"http:\/\/cajovnajasminka.sk\/?product=kristal-sekany","title":{"rendered":"Kri\u0161t\u00e1\u013e &#8211; sekan\u00fd"},"content":{"rendered":"<p><strong>Kame\u0148 sily a vitality<\/strong><\/p>\n<ul>\n<li>Je naj\u00fa\u010dinnej\u0161\u00ed lie\u010div\u00fd kri\u0161t\u00e1l a\u00a0najsilnej\u0161\u00ed zosil\u0148ova\u010d energie na tejto plan\u00e9te<\/li>\n<li>Pohlcuje, uklad\u00e1, uvo\u013e\u0148uje a\u00a0reguluje energiu<\/li>\n<li>Kri\u0161t\u00e1\u013e vyrovn\u00e1va, \u010dist\u00ed a chr\u00e1ni auru, odstra\u0148uje z\u00e1brany a blok\u00e1dy brzdiace vo\u013en\u00fd tok energie<\/li>\n<li>Kri\u0161t\u00e1\u013e nab\u00edja telo pozit\u00edvnou energiou, vitalitou a silou<\/li>\n<li>Vn\u00e1\u0161a do du\u0161e jasno a \u010distotu<\/li>\n<li>Nab\u00edja n\u00e1s neust\u00e1le novou energiou a silou<\/li>\n<li>Zne\u0161kod\u0148uje tie\u017e z\u00e1porn\u00e9 zemsk\u00e9 \u017eiarenie a geopatog\u00e9nne z\u00f3ny<\/li>\n<li>Zbav\u00ed n\u00e1s nespavosti a postar\u00e1 sa o pr\u00edjemn\u00e9 sny, pokia\u013e ho umiestnime na no\u010dn\u00fd stol\u00edk<\/li>\n<li>Do snov vnesie jasno a pozit\u00edvnu energiu, ak sa v noci nach\u00e1dza v na\u0161ej bl\u00edzkosti<\/li>\n<li>Horsk\u00e9 kri\u0161t\u00e1le v sebe ukladaj\u00fa inform\u00e1cie ako pr\u00edrodn\u00fd po\u010d\u00edta\u010d a s\u00fa\u010dasne predstavuj\u00fa duchovn\u00fa kni\u017enicu, ktor\u00e1 \u010dak\u00e1, a\u017e do nej niekto vst\u00fapi<\/li>\n<li>Horsk\u00fd kri\u0161t\u00e1\u013e je vynikaj\u00faci sporite\u013e energie. Ke\u010f ho pripevn\u00edte k palivov\u00e9mu syst\u00e9mu automobilu, dok\u00e1\u017ee zn\u00ed\u017ei\u0165 spotrebu pohonn\u00fdch hm\u00f4t.<\/li>\n<\/ul>\n<p><strong><u>Lie\u010debn\u00e9 \u00fa\u010dinky:<\/u><\/strong><\/p>\n<ul>\n<li>Lie\u010di a zmier\u0148uje bolesti, pop\u00e1leniny a ko\u017en\u00e9 ochorenia<\/li>\n<li>Pou\u017e\u00edva sa i k zastaveniu krv\u00e1cania<\/li>\n<li>Pou\u017e\u00edva sa pri rie\u0161en\u00ed ak\u00e9hoko\u013evek probl\u00e9mu<\/li>\n<\/ul>\n<p><strong><u>Astrologick\u00e9 priradenie:<\/u><\/strong> Rak, Ryby<\/p>\n<p><strong><u>\u010cistenie: <\/u><\/strong>Pod vla\u017enou vodou a\u00a0nab\u00edja\u0165 na slnku<\/p>\n<p><strong>Upozornenie:<\/strong>\u00a0Sfarbenie a \u0161trukt\u00fara kame\u0148ov sa\u00a0m\u00f4\u017ee v skuto\u010dnosti od uveden\u00fdch fotografi\u00ed\u00a0produktu mierne odli\u0161ova\u0165<\/p>\n","protected":false},"excerpt":{"rendered":"<p><strong>Le\u0161ten\u00e9 kamene v tvare nepravideln\u00fdch sekan\u00fdch z\u0155n, navle\u010den\u00e9 na gumi\u010dke. D\u013e\u017eka n\u00e1ramku je 16-18 cm<\/strong><\/p>\n","protected":false},"featured_media":1308,"comment_status":"closed","ping_status":"closed","template":"","meta":[],"_links":{"self":[{"href":"http:\/\/cajovnajasminka.sk\/index.php?rest_route=\/wp\/v2\/product\/1305"}],"collection":[{"href":"http:\/\/cajovnajasminka.sk\/index.php?rest_route=\/wp\/v2\/product"}],"about":[{"href":"http:\/\/cajovnajasminka.sk\/index.php?rest_route=\/wp\/v2\/types\/product"}],"replies":[{"embeddable":true,"href":"http:\/\/cajovnajasminka.sk\/index.php?rest_route=%2Fwp%2Fv2%2Fcomments&post=1305"}],"wp:featuredmedia":[{"embeddable":true,"href":"http:\/\/cajovnajasminka.sk\/index.php?rest_route=\/wp\/v2\/media\/1308"}],"wp:attachment":[{"href":"http:\/\/cajovnajasminka.sk\/index.php?rest_route=%2Fwp%2Fv2%2Fmedia&parent=1305"}],"curies":[{"name":"wp","href":"https:\/\/api.w.org\/{rel}","templated":true}]}}