{"id":1301,"date":"2017-11-30T17:04:48","date_gmt":"2017-11-30T16:04:48","guid":{"rendered":"http:\/\/cajovnajasminka.sk\/?post_type=product&#038;p=1301"},"modified":"2017-11-30T17:55:07","modified_gmt":"2017-11-30T16:55:07","slug":"granat-sekany","status":"publish","type":"product","link":"http:\/\/cajovnajasminka.sk\/?product=granat-sekany","title":{"rendered":"Gran\u00e1t &#8211; sekan\u00fd"},"content":{"rendered":"<p><strong>Kame\u0148 ochrany a l\u00e1sky<\/strong><\/p>\n<ul>\n<li>Tento kame\u0148 \u010dierno-\u010derveno-hnedej farby\u00a0sa vyzna\u010duje siln\u00fdmi regenera\u010dn\u00fdmi \u00fa\u010dinkami<\/li>\n<li>Je kame\u0148om oh\u0148a, v\u00e1\u0161ne, ale aj premeny a \u010distoty srdca<\/li>\n<li>Dod\u00e1va \u017eivotodarn\u00fa preb\u00fadzaj\u00facu energiu, t\u00fa\u017ebu pozn\u00e1va\u0165 dosia\u013e nepoznan\u00e9 a prin\u00e1\u0161a hlbok\u00fa l\u00e1sku<\/li>\n<li>Gran\u00e1t podporuje pevn\u00e9 vz\u0165ahy, z\u00e1ujem o druh\u00e9ho, udr\u017euje v rovnov\u00e1he sexu\u00e1lnu t\u00fa\u017ebu a dok\u00e1\u017ee napravi\u0165 citov\u00fa disharm\u00f3niu<\/li>\n<li>Vedie do tela duchovn\u00fa energiu<\/li>\n<\/ul>\n<p><strong><u>Lie\u010debn\u00e9 \u00fa\u010dinky:<\/u><\/strong><\/p>\n<ul>\n<li>pom\u00e1ha vstreb\u00e1va\u0165 \u017eelezo z \u010driev, \u010d\u00edst\u00ed krv, reguluje krvn\u00fd obeh a tlak krvi, podporuje tvorbu \u010derven\u00fdch krviniek<\/li>\n<li>podporuje metabolizmus, pozit\u00edvne vpl\u00fdva na zrak, lie\u010di \u013eadviny, slezinu a slinivku bru\u0161n\u00fa<\/li>\n<li>Blahod\u00e1rne p\u00f4sob\u00ed na srdce i p\u013e\u00faca, lie\u010debne p\u00f4sob\u00ed na chrbticu<\/li>\n<li>Hoj\u00ed z\u00e1palov\u00e9 ko\u017en\u00e9 ochorenia<\/li>\n<li>M\u00e1 najsilnej\u0161ie \u00fa\u010dinky, ke\u010f si ho polo\u017e\u00edte na hol\u00e9 telo na miesto, ktor\u00e9 chcete lie\u010di\u0165. Najlep\u0161ie miesta na prikladanie s\u00fa u\u0161n\u00e9 laloky, prsty a srdce<\/li>\n<li>Regeneruje DNA, pom\u00e1ha vstreb\u00e1va\u0165 miner\u00e1ly a vitam\u00edny<\/li>\n<li>Zvy\u0161uje sexu\u00e1lnu potenciu &#8211; m\u00e1 blahod\u00e1rne \u00fa\u010dinky na rozmno\u017eovacie \u00fastroje a impotenciu psychick\u00e9ho charakteru<\/li>\n<li>Gran\u00e1t vybr\u00fasen\u00fd do hranat\u00fdch tvarov prin\u00e1\u0161a \u0161\u0165astie v obchodn\u00fdch z\u00e1le\u017eitostiach<\/li>\n<\/ul>\n<p><strong><u>Astrologick\u00e9 priradenie: <\/u><\/strong>Lev, Kozoro\u017eec, \u0160korpi\u00f3n<\/p>\n<p><strong><u>\u010cistenie:<\/u><\/strong> pod te\u010d\u00facou \u00a0vodou vybi\u0165, potom ponori\u0165 do siln\u00e9ho so\u013en\u00e9ho roztoku a nakoniec na slnku nabi\u0165<\/p>\n<p><strong>Upozornenie:<\/strong>\u00a0Sfarbenie a \u0161trukt\u00fara kame\u0148ov sa\u00a0m\u00f4\u017ee v skuto\u010dnosti od uveden\u00fdch fotografi\u00ed\u00a0produktu mierne odli\u0161ova\u0165<\/p>\n","protected":false},"excerpt":{"rendered":"<p><strong>Le\u0161ten\u00e9 kamene v tvare nepravideln\u00fdch sekan\u00fdch z\u0155n, navle\u010den\u00e9 na gumi\u010dke. D\u013e\u017eka n\u00e1ramku je 16-18 cm<\/strong><\/p>\n","protected":false},"featured_media":1304,"comment_status":"closed","ping_status":"closed","template":"","meta":[],"_links":{"self":[{"href":"http:\/\/cajovnajasminka.sk\/index.php?rest_route=\/wp\/v2\/product\/1301"}],"collection":[{"href":"http:\/\/cajovnajasminka.sk\/index.php?rest_route=\/wp\/v2\/product"}],"about":[{"href":"http:\/\/cajovnajasminka.sk\/index.php?rest_route=\/wp\/v2\/types\/product"}],"replies":[{"embeddable":true,"href":"http:\/\/cajovnajasminka.sk\/index.php?rest_route=%2Fwp%2Fv2%2Fcomments&post=1301"}],"wp:featuredmedia":[{"embeddable":true,"href":"http:\/\/cajovnajasminka.sk\/index.php?rest_route=\/wp\/v2\/media\/1304"}],"wp:attachment":[{"href":"http:\/\/cajovnajasminka.sk\/index.php?rest_route=%2Fwp%2Fv2%2Fmedia&parent=1301"}],"curies":[{"name":"wp","href":"https:\/\/api.w.org\/{rel}","templated":true}]}}