{"id":130,"date":"2017-04-29T21:14:19","date_gmt":"2017-04-29T19:14:19","guid":{"rendered":"http:\/\/cajovnajasminka.sk\/?product=alergia-bylinny-caj-sypany"},"modified":"2023-02-15T11:15:53","modified_gmt":"2023-02-15T10:15:53","slug":"alergia-bylinny-caj-sypany","status":"publish","type":"product","link":"http:\/\/cajovnajasminka.sk\/?product=alergia-bylinny-caj-sypany","title":{"rendered":"Pylergen-Bylinn\u00fd \u010daj sypan\u00fd"},"content":{"rendered":"<p>\u010cesk\u00fd kvalitn\u00fd sypan\u00fd bylinn\u00fd \u010daj zostavovan\u00fd pod\u013ea origin\u00e1lnej recept\u00fary, chr\u00e1nen\u00fd ochrannou zn\u00e1mkou, ur\u010den\u00fd na konkr\u00e9tny probl\u00e9m.<\/p>\n<p><strong>Zlo\u017eenie :\u00a0<\/strong><\/p>\n<p><strong>\u017dih\u013eava\u00a0v\u0148a\u0165<\/strong> \u2013 podporuje norm\u00e1lne imunitn\u00e9 reakcie, funkciu p\u013e\u00fac a horn\u00fdch d\u00fdchac\u00edch ciest, prirodzen\u00fa \u010drevn\u00fa mikrofl\u00f3ru<br \/>\n<strong>N\u00e1tr\u017en\u00edk\u00a0v\u0148a\u0165<\/strong> \u2013 podporuje norm\u00e1lny stav ko\u017ee a \u010driev<br \/>\n<strong>Zlatoby\u013e v\u0148a\u0165<\/strong> \u2013 podporuje mo\u010dov\u00e9 \u00fastrojenstvo a imunitu<br \/>\n<strong>Rep\u00edk v\u0148a\u0165<\/strong> \u2013 podporuje<strong> prirodzen\u00fa imunitu, funkciu pe\u010dene a \u017el\u010dn\u00edku<\/strong><br \/>\n<strong>Necht\u00edk<\/strong>\u00a0&#8211; podporuje funkciu pe\u010dene, \u017el\u010dn\u00edku, \u010driev, <strong>prirodzen\u00fa imunitu, stav ko\u017ee <\/strong><br \/>\n<strong>Trezalka<\/strong> \u2013 podporuje relax\u00e1ciu,\u00a0uk\u013eud\u0148uje<\/p>\n<p><strong>Gram\u00e1\u017e : 50 g\u00a0<\/strong><\/p>\n","protected":false},"excerpt":{"rendered":"<p>\u010cesk\u00fd kvalitn\u00fd sypan\u00fd bylinn\u00fd \u010daj zostavovan\u00fd pod\u013ea origin\u00e1lnej recept\u00fary, chr\u00e1nen\u00fd ochrannou zn\u00e1mkou, ur\u010den\u00fd na konkr\u00e9tny probl\u00e9m. Zlo\u017eenie :\u00a0 \u017dih\u013eava\u00a0v\u0148a\u0165 \u2013 podporuje norm\u00e1lne imunitn\u00e9 reakcie, funkciu p\u013e\u00fac a horn\u00fdch d\u00fdchac\u00edch ciest, prirodzen\u00fa \u010drevn\u00fa mikrofl\u00f3ru N\u00e1tr\u017en\u00edk\u00a0v\u0148a\u0165 \u2013 podporuje norm\u00e1lny stav ko\u017ee a \u010driev Zlatoby\u013e v\u0148a\u0165 \u2013 podporuje mo\u010dov\u00e9 \u00fastrojenstvo a imunitu Rep\u00edk v\u0148a\u0165 \u2013 podporuje prirodzen\u00fa imunitu,<\/p>\n","protected":false},"featured_media":1910,"comment_status":"open","ping_status":"closed","template":"","meta":[],"_links":{"self":[{"href":"http:\/\/cajovnajasminka.sk\/index.php?rest_route=\/wp\/v2\/product\/130"}],"collection":[{"href":"http:\/\/cajovnajasminka.sk\/index.php?rest_route=\/wp\/v2\/product"}],"about":[{"href":"http:\/\/cajovnajasminka.sk\/index.php?rest_route=\/wp\/v2\/types\/product"}],"replies":[{"embeddable":true,"href":"http:\/\/cajovnajasminka.sk\/index.php?rest_route=%2Fwp%2Fv2%2Fcomments&post=130"}],"wp:featuredmedia":[{"embeddable":true,"href":"http:\/\/cajovnajasminka.sk\/index.php?rest_route=\/wp\/v2\/media\/1910"}],"wp:attachment":[{"href":"http:\/\/cajovnajasminka.sk\/index.php?rest_route=%2Fwp%2Fv2%2Fmedia&parent=130"}],"curies":[{"name":"wp","href":"https:\/\/api.w.org\/{rel}","templated":true}]}}