{"id":1293,"date":"2017-11-30T10:59:19","date_gmt":"2017-11-30T09:59:19","guid":{"rendered":"http:\/\/cajovnajasminka.sk\/?post_type=product&#038;p=1293"},"modified":"2017-11-30T16:58:48","modified_gmt":"2017-11-30T15:58:48","slug":"olivin-sekany-naramok-kopia","status":"publish","type":"product","link":"http:\/\/cajovnajasminka.sk\/?product=olivin-sekany-naramok-kopia","title":{"rendered":"Hematit &#8211; sekan\u00fd"},"content":{"rendered":"<p><strong>Kame\u0148 ochrany a harm\u00f3nie<\/strong><\/p>\n<ul>\n<li>Je kame\u0148 so siln\u00fdm ochrann\u00fdm \u00fa\u010dinkom<\/li>\n<li>Odstra\u0148uje v\u0161etko nepriazniv\u00e9 a br\u00e1ni negat\u00edvnym energi\u00e1m vstupova\u0165 do aury, \u010dim v tele nasto\u013euje k\u013eud, mier a harm\u00f3niu<\/li>\n<li>N\u00e1zov poch\u00e1dza z gr\u00e9ckeho &#8222;haimatitis&#8220;, znamenaj\u00faci &#8222;krvavo\u010derven\u00fd&#8220;, pod\u013ea farby jeho pr\u00e1\u0161ku<\/li>\n<li>Podporuje sp\u00e1nok, aktivuje silu v\u00f4le, odvahy a energiu<\/li>\n<li>Stimuluje, odhodlanie, odvahu spont\u00e1nnos\u0165. Uvo\u013e\u0148uje du\u0161evn\u00e9 k\u0155\u010de<\/li>\n<li>Rie\u0161i\u00a0 magnetick\u00e9 bloky okolo n\u00e1s<\/li>\n<li>Na du\u0161evnej \u00farovni prispieva hematit k s\u00fastredeniu a zameraniu na jednu vec. Zlep\u0161uje pam\u00e4\u0165 a prin\u00e1\u0161a zrod nov\u00fdch my\u0161lienok<\/li>\n<\/ul>\n<p><strong><u>Lie\u010debn\u00e9 \u00fa\u010dinky:<\/u><\/strong><\/p>\n<ul>\n<li>Je u\u017eito\u010dn\u00fd na\u00a0 \u010distenie krvi, lie\u010di rany<\/li>\n<li>Hematit je silne spojen\u00fd s krvou, posil\u0148uje a reguluje tvorbu krvi<\/li>\n<li>Podporuje \u010dinnos\u0165 \u013eadv\u00edn pri \u010disten\u00ed krvi a s\u00fa\u010dasne pom\u00e1ha regenerova\u0165 ich tkanivo<\/li>\n<li>Pom\u00e1ha s an\u00e9miou, modrinami a leuk\u00e9miou<\/li>\n<li>Okrem toho m\u00e1 hematit regula\u010dn\u00fd \u00fa\u010dinok na krvn\u00fd tlak a regenera\u010dn\u00fd vplyv na obli\u010dky<\/li>\n<li>Zmier\u0148uje men\u0161trua\u010dn\u00e9 \u0165a\u017ekosti, k\u0155\u010dov\u00e9 \u017eily a cievne sten\u00f3zy,\u00a0 tie\u017e p\u00f4sob\u00ed dobre na nespavos\u0165<\/li>\n<li>Posil\u0148uje pe\u010de\u0148, slezinu, p\u013e\u00faca a obli\u010dky,\u00a0 pom\u00e1ha pri o\u010dn\u00fdch probl\u00e9moch<\/li>\n<\/ul>\n<p><strong>Hematit nosievajte len vtedy, ke\u010f o\u010dak\u00e1vate ve\u013ek\u00fd n\u00e1por na nervy &#8211; a nenosievajte ho viac ako dva dni po sebe<\/strong><\/p>\n<p><strong><u>Astrologick\u00e9 priradenie:<\/u><\/strong> \u0160korpi\u00f3n, Vodn\u00e1r<\/p>\n<p><strong><u>\u010cistenie:<\/u><\/strong> Hematit sa \u010dist\u00ed aj nab\u00edja s\u00e1m<\/p>\n<p><strong>Upozornenie:<\/strong>\u00a0Sfarbenie a \u0161trukt\u00fara kame\u0148ov sa\u00a0m\u00f4\u017ee v skuto\u010dnosti od uveden\u00fdch fotografi\u00ed\u00a0produktu mierne odli\u0161ova\u0165<\/p>\n","protected":false},"excerpt":{"rendered":"<p><strong>Le\u0161ten\u00e9 kamene v tvare nepravideln\u00fdch sekan\u00fdch z\u0155n, navle\u010den\u00e9 na gumi\u010dke. D\u013e\u017eka n\u00e1ramku je 16-18 cm<\/strong><\/p>\n","protected":false},"featured_media":1298,"comment_status":"closed","ping_status":"closed","template":"","meta":[],"_links":{"self":[{"href":"http:\/\/cajovnajasminka.sk\/index.php?rest_route=\/wp\/v2\/product\/1293"}],"collection":[{"href":"http:\/\/cajovnajasminka.sk\/index.php?rest_route=\/wp\/v2\/product"}],"about":[{"href":"http:\/\/cajovnajasminka.sk\/index.php?rest_route=\/wp\/v2\/types\/product"}],"replies":[{"embeddable":true,"href":"http:\/\/cajovnajasminka.sk\/index.php?rest_route=%2Fwp%2Fv2%2Fcomments&post=1293"}],"wp:featuredmedia":[{"embeddable":true,"href":"http:\/\/cajovnajasminka.sk\/index.php?rest_route=\/wp\/v2\/media\/1298"}],"wp:attachment":[{"href":"http:\/\/cajovnajasminka.sk\/index.php?rest_route=%2Fwp%2Fv2%2Fmedia&parent=1293"}],"curies":[{"name":"wp","href":"https:\/\/api.w.org\/{rel}","templated":true}]}}