{"id":128,"date":"2017-04-29T21:06:29","date_gmt":"2017-04-29T19:06:29","guid":{"rendered":"http:\/\/cajovnajasminka.sk\/?product=naduvanie-bylinny-caj-sypany"},"modified":"2023-02-15T11:16:12","modified_gmt":"2023-02-15T10:16:12","slug":"naduvanie-bylinny-caj-sypany","status":"publish","type":"product","link":"http:\/\/cajovnajasminka.sk\/?product=naduvanie-bylinny-caj-sypany","title":{"rendered":"Naf\u00faknut\u00e9 bru\u0161ko-Bylinn\u00fd \u010daj sypan\u00fd"},"content":{"rendered":"<p>\u010cesk\u00fd kvalitn\u00fd sypan\u00fd bylinn\u00fd \u010daj zostavovan\u00fd pod\u013ea origin\u00e1lnej recept\u00fary, chr\u00e1nen\u00fd ochrannou zn\u00e1mkou, ur\u010den\u00fd na konkr\u00e9tny probl\u00e9m.<\/p>\n<p><strong>Zlo\u017eenie :\u00a0<\/strong><\/p>\n<p><strong>Fenykel plod<\/strong> \u2013 podporuje tr\u00e1venie, \u010drevn\u00fa mikrofl\u00f3ru, <strong>zni\u017euje nad\u00favanie<\/strong><br \/>\n<strong>Medovka v\u0148a\u0165<\/strong> \u2013 podporuje tr\u00e1venie a fyzick\u00fa pohodu<br \/>\n<strong>M\u00e4ta v\u0148a\u0165<\/strong> \u2013 podporuje <strong>za\u017e\u00edvanie a \u010drev\u00e1<\/strong><br \/>\n<strong>Angelika kore\u0148<\/strong>\u00a0\u2013 podporuje <strong>spr\u00e1vne pH tr\u00e1viaceho\u00a0traktu<br \/>\n<\/strong><strong>P\u00fapava list<\/strong> &#8211; podporuje tr\u00e1venie a \u010drevn\u00fa<strong>\u00a0<\/strong>mikrofl\u00f3ru<\/p>\n<p><strong>Gram\u00e1\u017e : 50 g\u00a0<\/strong><\/p>\n","protected":false},"excerpt":{"rendered":"<p>\u010cesk\u00fd kvalitn\u00fd sypan\u00fd bylinn\u00fd \u010daj zostavovan\u00fd pod\u013ea origin\u00e1lnej recept\u00fary, chr\u00e1nen\u00fd ochrannou zn\u00e1mkou, ur\u010den\u00fd na konkr\u00e9tny probl\u00e9m. Zlo\u017eenie :\u00a0 Fenykel plod \u2013 podporuje tr\u00e1venie, \u010drevn\u00fa mikrofl\u00f3ru, zni\u017euje nad\u00favanie Medovka v\u0148a\u0165 \u2013 podporuje tr\u00e1venie a fyzick\u00fa pohodu M\u00e4ta v\u0148a\u0165 \u2013 podporuje za\u017e\u00edvanie a \u010drev\u00e1 Angelika kore\u0148\u00a0\u2013 podporuje spr\u00e1vne pH tr\u00e1viaceho\u00a0traktu P\u00fapava list &#8211; podporuje tr\u00e1venie a \u010drevn\u00fa\u00a0mikrofl\u00f3ru<\/p>\n","protected":false},"featured_media":1891,"comment_status":"open","ping_status":"closed","template":"","meta":[],"_links":{"self":[{"href":"http:\/\/cajovnajasminka.sk\/index.php?rest_route=\/wp\/v2\/product\/128"}],"collection":[{"href":"http:\/\/cajovnajasminka.sk\/index.php?rest_route=\/wp\/v2\/product"}],"about":[{"href":"http:\/\/cajovnajasminka.sk\/index.php?rest_route=\/wp\/v2\/types\/product"}],"replies":[{"embeddable":true,"href":"http:\/\/cajovnajasminka.sk\/index.php?rest_route=%2Fwp%2Fv2%2Fcomments&post=128"}],"wp:featuredmedia":[{"embeddable":true,"href":"http:\/\/cajovnajasminka.sk\/index.php?rest_route=\/wp\/v2\/media\/1891"}],"wp:attachment":[{"href":"http:\/\/cajovnajasminka.sk\/index.php?rest_route=%2Fwp%2Fv2%2Fmedia&parent=128"}],"curies":[{"name":"wp","href":"https:\/\/api.w.org\/{rel}","templated":true}]}}