{"id":1262,"date":"2017-11-25T11:53:27","date_gmt":"2017-11-25T10:53:27","guid":{"rendered":"http:\/\/cajovnajasminka.sk\/?post_type=product&#038;p=1262"},"modified":"2023-03-15T14:42:02","modified_gmt":"2023-03-15T13:42:02","slug":"solna-lampa-na-sviecku","status":"publish","type":"product","link":"http:\/\/cajovnajasminka.sk\/?product=solna-lampa-na-sviecku","title":{"rendered":"so\u013en\u00e1 lampa na svie\u010dku"},"content":{"rendered":"<p><strong>\u00a0<\/strong>Obsah nerastu, ktor\u00fd sa \u0165a\u017e\u00ed v Himal\u00e1jach, m\u00e1 ve\u013emi priazniv\u00e9 \u00fa\u010dinky na \u013eudsk\u00fd organizmus. So\u013en\u00fd kry\u0161t\u00e1l funguje ako ioniz\u00e1tor vzduchu a t\u00e1to ioniz\u00e1cia sa pri zohriat\u00ed zosil\u0148uje. Vitalizuje atmosf\u00e9ru rovnako, ako to za\u017e\u00edvame v bl\u00edzkosti vodop\u00e1dov alebo pri mori.\u00a0Svietiace so\u013en\u00e9 lampy maj\u00fa harmonick\u00e9 svetlo, ktor\u00e9 blahod\u00e1rne p\u00f4sob\u00ed na \u013eudsk\u00fa psychiku. Je ve\u013emi pr\u00edjemn\u00e9 sa do nich pozera\u0165, navodzuj\u00fa hrejiv\u00fa int\u00edmnu atmosf\u00e9ru. Svojou farbou pripom\u00ednaj\u00fa z\u00e1pad slnka alebo ohe\u0148 v krbe. Vytv\u00e1raj\u00fa \u00fatuln\u00e9 prostredie a p\u00f4sobia priaznivo na telo i vedomie. So\u013en\u00e9 kry\u0161t\u00e1ly s\u00fa doporu\u010dovan\u00e9 expertami Feng-Shui pre v\u0161etky pracovn\u00e9, bytov\u00e9 i relaxa\u010dn\u00e9 miestnosti.<\/p>\n<p><strong>So\u013en\u00fd kry\u0161t\u00e1l m\u00e1 pozit\u00edvne \u00fa\u010dinky na :<\/strong><br \/>\n<strong> d\u00fdchacie cesty <\/strong><br \/>\n<strong>obehov\u00fd syst\u00e9m<br \/>\nzlep\u0161uje imunitu organizmu<br \/>\nspoma\u013euje proces starnutia<br \/>\nnavodzuje pocit dobrej n\u00e1lady, odd\u00fdchnutosti a \u010derstvosti<br \/>\npriaznivo p\u00f4sobia na hyperakt\u00edvne deti &#8211; zlep\u0161uj\u00fa koncentr\u00e1ciu<br \/>\nzni\u017euj\u00fa poruchy sp\u00e1nku<br \/>\npom\u00e1ha t\u00ed\u0161i\u0165 pr\u00edznaky astmy a alergi\u00ed<\/strong><\/p>\n<p>&nbsp;<\/p>\n","protected":false},"excerpt":{"rendered":"<p><strong>Himal\u00e1jske so\u013en\u00e9 kry\u0161t\u00e1ly, ktor\u00e9 tvoria z\u00e1klad so\u013en\u00fdch l\u00e1mp s\u00fa ru\u010dne opracovan\u00e9, ka\u017ed\u00e1 lampa je \u00faplne jedine\u010dn\u00e1 svojim tvarom, \u0161trukt\u00farou aj farebn\u00fdm odtie\u0148om<\/strong><\/p>\n","protected":false},"featured_media":1263,"comment_status":"closed","ping_status":"closed","template":"","meta":[],"_links":{"self":[{"href":"http:\/\/cajovnajasminka.sk\/index.php?rest_route=\/wp\/v2\/product\/1262"}],"collection":[{"href":"http:\/\/cajovnajasminka.sk\/index.php?rest_route=\/wp\/v2\/product"}],"about":[{"href":"http:\/\/cajovnajasminka.sk\/index.php?rest_route=\/wp\/v2\/types\/product"}],"replies":[{"embeddable":true,"href":"http:\/\/cajovnajasminka.sk\/index.php?rest_route=%2Fwp%2Fv2%2Fcomments&post=1262"}],"wp:featuredmedia":[{"embeddable":true,"href":"http:\/\/cajovnajasminka.sk\/index.php?rest_route=\/wp\/v2\/media\/1263"}],"wp:attachment":[{"href":"http:\/\/cajovnajasminka.sk\/index.php?rest_route=%2Fwp%2Fv2%2Fmedia&parent=1262"}],"curies":[{"name":"wp","href":"https:\/\/api.w.org\/{rel}","templated":true}]}}