{"id":126,"date":"2017-04-29T21:01:02","date_gmt":"2017-04-29T19:01:02","guid":{"rendered":"http:\/\/cajovnajasminka.sk\/?product=akne-bylinny-caj-sypany"},"modified":"2023-02-15T11:16:21","modified_gmt":"2023-02-15T10:16:21","slug":"akne-bylinny-caj-sypany","status":"publish","type":"product","link":"http:\/\/cajovnajasminka.sk\/?product=akne-bylinny-caj-sypany","title":{"rendered":"\u010cist\u00e1 ple\u0165-Bylinn\u00fd \u010daj sypan\u00fd"},"content":{"rendered":"<p>\u010cesk\u00fd kvalitn\u00fd sypan\u00fd bylinn\u00fd \u010daj zostavovan\u00fd pod\u013ea origin\u00e1lnej recept\u00fary, chr\u00e1nen\u00fd ochrannou zn\u00e1mkou, ur\u010den\u00fd na konkr\u00e9tny probl\u00e9m.<\/p>\n<p><strong>Zlo\u017eenie :\u00a0<\/strong><\/p>\n<p><strong>\u017dih\u013eava\u00a0v\u0148a\u0165<\/strong> &#8211; podporuje o\u010distu krvi, funkciu obli\u010diek a pohlavn\u00fdch org\u00e1nov<br \/>\n<strong>\u010cakanka v\u0148a\u0165<\/strong> \u2013 podporuje funkciu pe\u010dene, \u010driev, tr\u00e1viaceho traktu, celkov\u00fa o\u010distu<br \/>\n<strong>Mace\u0161ka v\u0148a\u0165<\/strong> \u2013 podporuje <strong>norm\u00e1lny stav ko\u017ee<\/strong>, o\u010distu krvi, celkov\u00fa regener\u00e1ciu<br \/>\n<strong>Zlatoby\u013e v\u0148a\u0165<\/strong> \u2013 podporuje celkov\u00fa imunitu, mo\u010dov\u00e9 \u00fastrojenstvo<br \/>\n<strong>Zemedym v\u0148a\u0165<\/strong> \u2013 podporuje <strong>prirodzen\u00fd stav ko\u017ee<\/strong>, vylu\u010dovanie, celkov\u00fa o\u010distu<br \/>\n<strong>Lop\u00fach kore\u0148<\/strong>\u00a0&#8211; \u00a0podporuje o\u010distu krvi, <strong>prirodzen\u00fd stav ko\u017ee<\/strong>, imunitu<br \/>\n<strong>Kru\u0161ina k\u00f4ra<\/strong><\/p>\n<p><strong>Gram\u00e1\u017e : 50 g\u00a0<\/strong><\/p>\n","protected":false},"excerpt":{"rendered":"<p>\u010cesk\u00fd kvalitn\u00fd sypan\u00fd bylinn\u00fd \u010daj zostavovan\u00fd pod\u013ea origin\u00e1lnej recept\u00fary, chr\u00e1nen\u00fd ochrannou zn\u00e1mkou, ur\u010den\u00fd na konkr\u00e9tny probl\u00e9m. Zlo\u017eenie :\u00a0 \u017dih\u013eava\u00a0v\u0148a\u0165 &#8211; podporuje o\u010distu krvi, funkciu obli\u010diek a pohlavn\u00fdch org\u00e1nov \u010cakanka v\u0148a\u0165 \u2013 podporuje funkciu pe\u010dene, \u010driev, tr\u00e1viaceho traktu, celkov\u00fa o\u010distu Mace\u0161ka v\u0148a\u0165 \u2013 podporuje norm\u00e1lny stav ko\u017ee, o\u010distu krvi, celkov\u00fa regener\u00e1ciu Zlatoby\u013e v\u0148a\u0165 \u2013 podporuje celkov\u00fa<\/p>\n","protected":false},"featured_media":1895,"comment_status":"open","ping_status":"closed","template":"","meta":[],"_links":{"self":[{"href":"http:\/\/cajovnajasminka.sk\/index.php?rest_route=\/wp\/v2\/product\/126"}],"collection":[{"href":"http:\/\/cajovnajasminka.sk\/index.php?rest_route=\/wp\/v2\/product"}],"about":[{"href":"http:\/\/cajovnajasminka.sk\/index.php?rest_route=\/wp\/v2\/types\/product"}],"replies":[{"embeddable":true,"href":"http:\/\/cajovnajasminka.sk\/index.php?rest_route=%2Fwp%2Fv2%2Fcomments&post=126"}],"wp:featuredmedia":[{"embeddable":true,"href":"http:\/\/cajovnajasminka.sk\/index.php?rest_route=\/wp\/v2\/media\/1895"}],"wp:attachment":[{"href":"http:\/\/cajovnajasminka.sk\/index.php?rest_route=%2Fwp%2Fv2%2Fmedia&parent=126"}],"curies":[{"name":"wp","href":"https:\/\/api.w.org\/{rel}","templated":true}]}}