{"id":1233,"date":"2017-11-22T16:59:34","date_gmt":"2017-11-22T15:59:34","guid":{"rendered":"http:\/\/cajovnajasminka.sk\/?post_type=product&#038;p=1233"},"modified":"2018-02-11T21:50:05","modified_gmt":"2018-02-11T20:50:05","slug":"andilci-a-vily-vypraveji-pohadky-nejen-detem-radana-kolcova","status":"publish","type":"product","link":"http:\/\/cajovnajasminka.sk\/?product=andilci-a-vily-vypraveji-pohadky-nejen-detem-radana-kolcova","title":{"rendered":"And\u00edlci a v\u00edly vypr\u00e1v\u011bj\u00ed poh\u00e1dky &#8211; Radana Kolcov\u00e1"},"content":{"rendered":"<p>Rozpr\u00e1vky n\u00e1dhern\u00e9ho a farebn\u00e9ho sveta Det\u00ed, ktor\u00e9 s\u00fa prepleten\u00e9 k\u00fazlami a z\u00e1zrakmi v posil\u0148uj\u00facich pr\u00edbehoch, v ktor\u00fdch Anjeli pom\u00e1haj\u00fa, chr\u00e1nia, maj\u00fa v\u017edy dos\u0165 \u00fatechy, n\u00e1padov, rie\u0161en\u00ed a nekone\u010dne ve\u013ea z\u00e1zra\u010dn\u00e9ho obdarovania. V \u010d\u00edtan\u00ed sa prel\u00edna ne\u017enos\u0165, m\u00fadros\u0165, poznanie a sk\u00fasenos\u0165. De\u0165om prin\u00e1\u0161a mnoho potrebn\u00e9ho obdarovania, v ktorom nach\u00e1dzaj\u00fa podporu, bezpe\u010die, prepojenos\u0165 s r\u00ed\u0161ou Anjelov, energie ktor\u00e9 to\u013eko na svoje ceste po Zemi potrebuj\u00fa ma\u0165. T\u00e1to kniha sa pred\u00e1va u\u017e nieko\u013eko rokov, za t\u00fa dobu bola opakovane nieko\u013ekokr\u00e1t vytla\u010den\u00e1 a st\u00e1le m\u00e1 mnoho a mnoho priaznivcov nielen medzi de\u0165mi.<\/p>\n<p>&nbsp;<\/p>\n","protected":false},"excerpt":{"rendered":"<p><strong>kniha rozpr\u00e1vok pre deti i dospel\u00fdch pln\u00e1 anjelsk\u00fdch ilustr\u00e1ci\u00ed<br \/>\nVe\u013ekos\u0165: 21 cm x 24 cm<br \/>\nPo\u010det str\u00e1n: 124<br \/>\nV\u00e4zba: kr\u00fa\u017ekov\u00e1\u00a0<\/strong><\/p>\n","protected":false},"featured_media":1234,"comment_status":"closed","ping_status":"closed","template":"","meta":[],"_links":{"self":[{"href":"http:\/\/cajovnajasminka.sk\/index.php?rest_route=\/wp\/v2\/product\/1233"}],"collection":[{"href":"http:\/\/cajovnajasminka.sk\/index.php?rest_route=\/wp\/v2\/product"}],"about":[{"href":"http:\/\/cajovnajasminka.sk\/index.php?rest_route=\/wp\/v2\/types\/product"}],"replies":[{"embeddable":true,"href":"http:\/\/cajovnajasminka.sk\/index.php?rest_route=%2Fwp%2Fv2%2Fcomments&post=1233"}],"wp:featuredmedia":[{"embeddable":true,"href":"http:\/\/cajovnajasminka.sk\/index.php?rest_route=\/wp\/v2\/media\/1234"}],"wp:attachment":[{"href":"http:\/\/cajovnajasminka.sk\/index.php?rest_route=%2Fwp%2Fv2%2Fmedia&parent=1233"}],"curies":[{"name":"wp","href":"https:\/\/api.w.org\/{rel}","templated":true}]}}