{"id":121,"date":"2017-04-29T20:37:37","date_gmt":"2017-04-29T18:37:37","guid":{"rendered":"http:\/\/cajovnajasminka.sk\/?product=anti-cukor-bylinny-caj-sypany"},"modified":"2023-02-15T11:16:41","modified_gmt":"2023-02-15T10:16:41","slug":"anti-cukor-bylinny-caj-sypany","status":"publish","type":"product","link":"http:\/\/cajovnajasminka.sk\/?product=anti-cukor-bylinny-caj-sypany","title":{"rendered":"Anticukor-Bylinn\u00fd \u010daj sypan\u00fd"},"content":{"rendered":"<p>\u010cesk\u00fd kvalitn\u00fd sypan\u00fd bylinn\u00fd \u010daj zostavovan\u00fd pod\u013ea origin\u00e1lnej recept\u00fary, chr\u00e1nen\u00fd ochrannou zn\u00e1mkou, ur\u010den\u00fd na konkr\u00e9tny probl\u00e9m.<\/p>\n<p><strong>Zlo\u017eenie :\u00a0<\/strong><\/p>\n<p><strong>\u010cu\u010doriedka list<\/strong> \u2013 podporuje <strong>spr\u00e1vnu hladinu cukru v\u00a0krvi<\/strong> a tr\u00e1venie<br \/>\n<strong>Fazu\u013ea plod<\/strong> \u2013 podporuje spr\u00e1vnu hladinu cukru v\u00a0krvi a<strong> funkciu obli\u010diek<\/strong><br \/>\n<strong>\u017dih\u013eava\u00a0v\u0148a\u0165<\/strong> \u2013 podporuje spr\u00e1vnu <strong>hladinu cukru v\u00a0krvi, vitalitu, obsahuje miner\u00e1ly<\/strong><br \/>\n<strong>Mace\u0161ka v\u0148a\u0165<\/strong> \u2013 podporuje <strong>o\u010distu krvi a\u00a0tr\u00e1venie<\/strong><br \/>\n<strong>Jastrabina v\u0148a\u0165<\/strong><\/p>\n<p><strong>Gram\u00e1\u017e : 50 g\u00a0<\/strong><\/p>\n","protected":false},"excerpt":{"rendered":"<p>\u010cesk\u00fd kvalitn\u00fd sypan\u00fd bylinn\u00fd \u010daj zostavovan\u00fd pod\u013ea origin\u00e1lnej recept\u00fary, chr\u00e1nen\u00fd ochrannou zn\u00e1mkou, ur\u010den\u00fd na konkr\u00e9tny probl\u00e9m. Zlo\u017eenie :\u00a0 \u010cu\u010doriedka list \u2013 podporuje spr\u00e1vnu hladinu cukru v\u00a0krvi a tr\u00e1venie Fazu\u013ea plod \u2013 podporuje spr\u00e1vnu hladinu cukru v\u00a0krvi a funkciu obli\u010diek \u017dih\u013eava\u00a0v\u0148a\u0165 \u2013 podporuje spr\u00e1vnu hladinu cukru v\u00a0krvi, vitalitu, obsahuje miner\u00e1ly Mace\u0161ka v\u0148a\u0165 \u2013 podporuje o\u010distu krvi<\/p>\n","protected":false},"featured_media":1885,"comment_status":"open","ping_status":"closed","template":"","meta":[],"_links":{"self":[{"href":"http:\/\/cajovnajasminka.sk\/index.php?rest_route=\/wp\/v2\/product\/121"}],"collection":[{"href":"http:\/\/cajovnajasminka.sk\/index.php?rest_route=\/wp\/v2\/product"}],"about":[{"href":"http:\/\/cajovnajasminka.sk\/index.php?rest_route=\/wp\/v2\/types\/product"}],"replies":[{"embeddable":true,"href":"http:\/\/cajovnajasminka.sk\/index.php?rest_route=%2Fwp%2Fv2%2Fcomments&post=121"}],"wp:featuredmedia":[{"embeddable":true,"href":"http:\/\/cajovnajasminka.sk\/index.php?rest_route=\/wp\/v2\/media\/1885"}],"wp:attachment":[{"href":"http:\/\/cajovnajasminka.sk\/index.php?rest_route=%2Fwp%2Fv2%2Fmedia&parent=121"}],"curies":[{"name":"wp","href":"https:\/\/api.w.org\/{rel}","templated":true}]}}