{"id":1043,"date":"2017-11-08T10:34:58","date_gmt":"2017-11-08T09:34:58","guid":{"rendered":"http:\/\/cajovnajasminka.sk\/?post_type=product&#038;p=1043"},"modified":"2023-03-16T07:42:24","modified_gmt":"2023-03-16T06:42:24","slug":"zadkiel","status":"publish","type":"product","link":"http:\/\/cajovnajasminka.sk\/?product=zadkiel","title":{"rendered":"Zadkiel"},"content":{"rendered":"<p><strong>Archanjelsk\u00e9 a majstrovsk\u00e9 svie\u010dky boli navrhnut\u00e9 tak, aby zastupovali energie archanjelov a majstrov tu na Zemi.<\/strong><\/p>\n<p><strong>\u00a0<\/strong>Maj\u00fa r\u00f4zne farby pod\u013ea r\u00f4znych energi\u00ed.\u00a0S\u00fa ru\u010dne vyroben\u00e9 a prefarben\u00e9 cez cel\u00fd objem, aby vydr\u017eali energie, ktor\u00e9 cez\u00a0svie\u010dky pr\u00fadia.\u00a0Po\u010das horenia spa\u013euj\u00fa homogenizovan\u00fa negat\u00edvnu energiu.\u00a0Na zap\u00e1lenie nepou\u017e\u00edvajte z\u00e1palky, duchovn\u00e9 bytosti nemaj\u00fa radi s\u00edru.\u00a0Nesfukujte svie\u010dku, ale zakryte plame\u0148 napr\u00edklad poh\u00e1rom, aby ste zamedzili pr\u00edstupu vzduchu. Dobre vyvetrajte priestor, v ktorom svie\u010dka horela.\u00a0Pred ka\u017ed\u00fdm \u010fal\u0161\u00edm zap\u00e1len\u00edm treba skr\u00e1ti\u0165 kn\u00f4t, mohol by napada\u0165 do vosku a zne\u010disti\u0165 ho.\u00a0Pri horen\u00ed sa svie\u010dky netreba dot\u00fdka\u0165, lebo v\u0161etky zmeny, ktor\u00e9 sa s \u0148ou dej\u00fa s\u00fa prejavom p\u00f4sobenia archanjelov a majstrov.<\/p>\n<ul>\n<li><strong>rozv\u00edja najvy\u0161\u0161\u00ed potenci\u00e1l ka\u017edej bytosti, anjel rastu<\/strong><\/li>\n<li><strong>rozpustenie karmy, my\u0161lienkov\u00fdch vzorcov a sp\u00f4sobov chovania, ktor\u00e9 n\u00e1m br\u00e1nia na ceste k slobode<\/strong><\/li>\n<li><strong>pre medit\u00e1ciu, k usporiadaniu my\u0161lienok<\/strong><\/li>\n<li><strong>pri potrebe sebad\u00f4very<\/strong><\/li>\n<\/ul>\n<p>&nbsp;<\/p>\n","protected":false},"excerpt":{"rendered":"<p><strong>Svie\u010dka, 70&#215;180, plnofarebn\u00e1, 650 g<\/strong><\/p>\n","protected":false},"featured_media":1048,"comment_status":"closed","ping_status":"closed","template":"","meta":[],"_links":{"self":[{"href":"http:\/\/cajovnajasminka.sk\/index.php?rest_route=\/wp\/v2\/product\/1043"}],"collection":[{"href":"http:\/\/cajovnajasminka.sk\/index.php?rest_route=\/wp\/v2\/product"}],"about":[{"href":"http:\/\/cajovnajasminka.sk\/index.php?rest_route=\/wp\/v2\/types\/product"}],"replies":[{"embeddable":true,"href":"http:\/\/cajovnajasminka.sk\/index.php?rest_route=%2Fwp%2Fv2%2Fcomments&post=1043"}],"wp:featuredmedia":[{"embeddable":true,"href":"http:\/\/cajovnajasminka.sk\/index.php?rest_route=\/wp\/v2\/media\/1048"}],"wp:attachment":[{"href":"http:\/\/cajovnajasminka.sk\/index.php?rest_route=%2Fwp%2Fv2%2Fmedia&parent=1043"}],"curies":[{"name":"wp","href":"https:\/\/api.w.org\/{rel}","templated":true}]}}