{"id":74,"date":"2016-09-17T12:36:54","date_gmt":"2016-09-17T10:36:54","guid":{"rendered":"http:\/\/cajovnajasminka.sk\/?page_id=74"},"modified":"2024-02-23T10:29:27","modified_gmt":"2024-02-23T09:29:27","slug":"kontakt","status":"publish","type":"page","link":"http:\/\/cajovnajasminka.sk\/?page_id=74","title":{"rendered":"Kontakt"},"content":{"rendered":"<p>Ak m\u00e1te ak\u00e9ko\u013evek ot\u00e1zky, pripomienky alebo n\u00e1pady, kontaktujte n\u00e1s na ni\u017e\u0161ie uvedenej mailovej adrese, alebo mobilnom \u010d\u00edsle<\/p>\n<p>\u010eakujeme&#8230;&#8230; \ud83d\ude42<\/p>\n<p><strong>Kontak :<\/strong> 0905317680<\/p>\n<p><strong>mail :<\/strong> cajovnajasminka1@gmail.com<\/p>\n<p><strong>Adresa :\u00a0<\/strong><span class=\"_2iem\">9.m\u00e1ja 428\/2, Kino Turiec, 1. poschodie,\u00a0<\/span><span class=\"_2iem\">Tur\u010dianske Teplice, Slovakia<\/span><\/p>\n<p><strong>Otv\u00e1racie hodiny :<\/strong><br \/>\nPondelok \u00a010.10 &#8211; 14.14<br \/>\nUtorok\u00a0 \u00a0 \u00a0 \u00a0 12.12\u00a0 &#8211; 18.18<br \/>\nStreda\u00a0 \u00a0 \u00a0 \u00a0 \u00a012.12 &#8211; 18.18<br \/>\n\u0160tvrtok\u00a0 \u00a0 \u00a0 \u00a012.12 &#8211; 18.18<br \/>\nPiatok\u00a0 \u00a0 \u00a0 \u00a0 \u00a012.12 &#8211; 18.18<br \/>\nSobota\u00a0 \u00a0 \u00a0 \u00a0ZATVOREN\u00c9<br \/>\nNede\u013ea\u00a0 \u00a0 \u00a0 \u00a0ZATVOREN\u00c9<\/p>\n<p><strong>Nezabudnite n\u00e1s aj nav\u0161t\u00edvi\u0165 a ochutna\u0165 zo \u0161irokej ponuky na\u0161ich \u010dajov\u00a0 \ud83d\ude42<\/strong><\/p>\n<p>Nevyhovuj\u00fa V\u00e1m na\u0161e otv\u00e1racie hodiny ? Zavolajte n\u00e1m a pok\u00fasime sa n\u00e1js\u0165 spolo\u010dn\u00e9 rie\u0161enie.<\/p>\n<p><img loading=\"lazy\" class=\"alignleft wp-image-48\" src=\"http:\/\/cajovnajasminka.sk\/wp-content\/uploads\/2016\/09\/Mapa.jpg\" alt=\"mapa\" width=\"828\" height=\"478\" srcset=\"http:\/\/cajovnajasminka.sk\/wp-content\/uploads\/2016\/09\/Mapa.jpg 1365w, http:\/\/cajovnajasminka.sk\/wp-content\/uploads\/2016\/09\/Mapa-600x346.jpg 600w, http:\/\/cajovnajasminka.sk\/wp-content\/uploads\/2016\/09\/Mapa-300x173.jpg 300w, http:\/\/cajovnajasminka.sk\/wp-content\/uploads\/2016\/09\/Mapa-768x443.jpg 768w, http:\/\/cajovnajasminka.sk\/wp-content\/uploads\/2016\/09\/Mapa-1024x590.jpg 1024w\" sizes=\"(max-width: 828px) 100vw, 828px\" \/><\/p>\n","protected":false},"excerpt":{"rendered":"<p>Ak m\u00e1te ak\u00e9ko\u013evek ot\u00e1zky, pripomienky alebo n\u00e1pady, kontaktujte n\u00e1s na ni\u017e\u0161ie uvedenej mailovej adrese, alebo mobilnom \u010d\u00edsle \u010eakujeme&#8230;&#8230; \ud83d\ude42 Kontak : 0905317680 mail : cajovnajasminka1@gmail.com Adresa :\u00a09.m\u00e1ja 428\/2, Kino Turiec, 1. poschodie,\u00a0Tur\u010dianske Teplice, Slovakia Otv\u00e1racie hodiny : Pondelok \u00a010.10 &#8211; 14.14 Utorok\u00a0 \u00a0 \u00a0 \u00a0 12.12\u00a0 &#8211; 18.18 Streda\u00a0 \u00a0 \u00a0 \u00a0 \u00a012.12 &#8211; 18.18<\/p>\n","protected":false},"author":1,"featured_media":0,"parent":0,"menu_order":500,"comment_status":"closed","ping_status":"closed","template":"","meta":[],"_links":{"self":[{"href":"http:\/\/cajovnajasminka.sk\/index.php?rest_route=\/wp\/v2\/pages\/74"}],"collection":[{"href":"http:\/\/cajovnajasminka.sk\/index.php?rest_route=\/wp\/v2\/pages"}],"about":[{"href":"http:\/\/cajovnajasminka.sk\/index.php?rest_route=\/wp\/v2\/types\/page"}],"author":[{"embeddable":true,"href":"http:\/\/cajovnajasminka.sk\/index.php?rest_route=\/wp\/v2\/users\/1"}],"replies":[{"embeddable":true,"href":"http:\/\/cajovnajasminka.sk\/index.php?rest_route=%2Fwp%2Fv2%2Fcomments&post=74"}],"version-history":[{"count":21,"href":"http:\/\/cajovnajasminka.sk\/index.php?rest_route=\/wp\/v2\/pages\/74\/revisions"}],"predecessor-version":[{"id":3586,"href":"http:\/\/cajovnajasminka.sk\/index.php?rest_route=\/wp\/v2\/pages\/74\/revisions\/3586"}],"wp:attachment":[{"href":"http:\/\/cajovnajasminka.sk\/index.php?rest_route=%2Fwp%2Fv2%2Fmedia&parent=74"}],"curies":[{"name":"wp","href":"https:\/\/api.w.org\/{rel}","templated":true}]}}