{"id":47,"date":"2016-09-13T20:31:53","date_gmt":"2016-09-13T18:31:53","guid":{"rendered":"http:\/\/cajovnajasminka.sk\/?page_id=47"},"modified":"2016-09-17T12:54:02","modified_gmt":"2016-09-17T10:54:02","slug":"o-cajovni","status":"publish","type":"page","link":"http:\/\/cajovnajasminka.sk\/?page_id=47","title":{"rendered":"V\u00edta V\u00e1s \u010dajov\u0148a Jasm\u00ednka"},"content":{"rendered":"<h1><\/h1>\n<p><img loading=\"lazy\" class=\"alignleft wp-image-29 \" src=\"http:\/\/cajovnajasminka.sk\/wp-content\/uploads\/2016\/09\/cropped-caj-v-salke-1-150x150.jpg\" alt=\"cropped-caj-v-salke-1.jpg\" width=\"141\" height=\"141\" srcset=\"http:\/\/cajovnajasminka.sk\/wp-content\/uploads\/2016\/09\/cropped-caj-v-salke-1-150x150.jpg 150w, http:\/\/cajovnajasminka.sk\/wp-content\/uploads\/2016\/09\/cropped-caj-v-salke-1-300x300.jpg 300w, http:\/\/cajovnajasminka.sk\/wp-content\/uploads\/2016\/09\/cropped-caj-v-salke-1-180x180.jpg 180w, http:\/\/cajovnajasminka.sk\/wp-content\/uploads\/2016\/09\/cropped-caj-v-salke-1-270x270.jpg 270w, http:\/\/cajovnajasminka.sk\/wp-content\/uploads\/2016\/09\/cropped-caj-v-salke-1-192x192.jpg 192w, http:\/\/cajovnajasminka.sk\/wp-content\/uploads\/2016\/09\/cropped-caj-v-salke-1-32x32.jpg 32w, http:\/\/cajovnajasminka.sk\/wp-content\/uploads\/2016\/09\/cropped-caj-v-salke-1.jpg 512w\" sizes=\"(max-width: 141px) 100vw, 141px\" \/>Sme predov\u0161etk\u00fdm miestom, kde si m\u00f4\u017eete da\u0165 skvel\u00fd \u010daj, k\u00e1vu a ochutna\u0165 sladk\u00e9 \u010di slan\u00e9, tradi\u010dn\u00e9 i netradi\u010dn\u00e9 dobroty. Chceme V\u00e1m pon\u00faknu\u0165 kvalitn\u00e9 ob\u010derstvenie a n\u00e1poje za rozumn\u00fa cenu v pr\u00edjemnom prostred\u00ed. Sta\u010d\u00ed si len vybra\u0165, bu\u010f na na\u0161ich webov\u00fdch str\u00e1nkach, alebo sa u n\u00e1s rovno zastavte! N\u00e1\u0161 profesion\u00e1lny a v\u017edy usmievav\u00fd person\u00e1l sa u\u017e na V\u00e1s te\u0161\u00ed.<\/p>\n<p>Vyberte si zo \u0161irokej ponuky n\u00e1pojov a drobn\u00fdch pokrmov. V\u017edy \u010derstv\u00e9 a chutn\u00e9 &#8211; to je na\u0161e heslo. Pr\u00ed\u010fte ochutna\u0165 na\u0161u k\u00e1vu a pochutiny. Zrelaxujte u n\u00e1s Va\u0161e telo aj du\u0161u v pr\u00edjemnom a modernom prostred\u00ed. N\u00e1\u0161 ochotn\u00fd person\u00e1l je V\u00e1m v\u017edy k dispoz\u00edcii. Pr\u00edprava na prv\u00fd poh\u013ead oby\u010dajnej k\u00e1vy je d\u00f4le\u017eit\u00fd proces. N\u00e1\u0161 t\u00edm je tu pre V\u00e1s a my V\u00e1m garantujeme, \u017ee od n\u00e1s budete v\u017edy odch\u00e1dza\u0165 spokojn\u00ed.<\/p>\n<div>\n<p>Ak pl\u00e1nujete ak\u00fako\u013evek akciu nev\u00e1hajte n\u00e1s kontaktova\u0165 a rezervova\u0165 si st\u00f4l. Priprav\u00edme pre V\u00e1s vhodn\u00e9 ob\u010derstvenie a vyberieme pre V\u00e1s miesto v na\u0161ej kaviarni. Pr\u00ed\u010fte si pochutna\u0165 na na\u0161ich vynikaj\u00facich ra\u0148ajk\u00e1ch, ve\u010der osl\u00e1vi\u0165 prom\u00f3cie, alebo len tak posedie\u0165 s rodinou, \u010di s priate\u013emi. Garantujeme V\u00e1m, \u017ee budete Vy i Va\u0161i bl\u00edzki stopercentne spokojn\u00ed. Pr\u00ed\u010fte, vsk\u00fa\u0161ajte a ver\u00edme, \u017ee sa stanete na\u0161imi pravideln\u00fdmi z\u00e1kazn\u00edkmi.<\/p>\n<\/div>\n<style id=\"bwg-style-0\">    #bwg_container1_0 #bwg_container2_0 .bwg-container-0.bwg-standard-thumbnails {      width: 904px;              justify-content: center;        margin:0 auto !important;              background-color: rgba(255, 255, 255, 0.00);            padding-left: 4px;      padding-top: 4px;      max-width: 100%;            }        #bwg_container1_0 #bwg_container2_0 .bwg-container-0.bwg-standard-thumbnails .bwg-item {      justify-content: flex-start;      max-width: 180px;            width: 180px !important;          }    #bwg_container1_0 #bwg_container2_0 .bwg-container-0.bwg-standard-thumbnails .bwg-item > a {       margin-right: 4px;       margin-bottom: 4px;    }    #bwg_container1_0 #bwg_container2_0 .bwg-container-0.bwg-standard-thumbnails .bwg-item0 {      padding: 0px;            background-color:rgba(255,255,255, 0.30);      border: 0px none #CCCCCC;      opacity: 1.00;      border-radius: 0;      box-shadow: 0px 0px 0px #888888;    }    #bwg_container1_0 #bwg_container2_0 .bwg-container-0.bwg-standard-thumbnails .bwg-item1 img {      max-height: none;      max-width: none;      padding: 0 !important;    }        @media only screen and (min-width: 480px) {      #bwg_container1_0 #bwg_container2_0 .bwg-container-0.bwg-standard-thumbnails .bwg-item0 {        transition: all 0.3s ease 0s;-webkit-transition: all 0.3s ease 0s;      }      #bwg_container1_0 #bwg_container2_0 .bwg-container-0.bwg-standard-thumbnails .bwg-item0:hover {        -ms-transform: scale(1.1);        -webkit-transform: scale(1.1);        transform: scale(1.1);      }    }          #bwg_container1_0 #bwg_container2_0 .bwg-container-0.bwg-standard-thumbnails .bwg-item1 {      padding-top: 50%;    }        #bwg_container1_0 #bwg_container2_0 .bwg-container-0.bwg-standard-thumbnails .bwg-title2,    #bwg_container1_0 #bwg_container2_0 .bwg-container-0.bwg-standard-thumbnails .bwg-ecommerce2 {      color: #CCCCCC;      font-family: segoe ui;      font-size: 16px;      font-weight: bold;      padding: 2px;      text-shadow: 0px 0px 0px #888888;      max-height: 100%;    }    #bwg_container1_0 #bwg_container2_0 .bwg-container-0.bwg-standard-thumbnails .bwg-thumb-description span {    color: #323A45;    font-family: Ubuntu;    font-size: 12px;    max-height: 100%;    word-wrap: break-word;    }    #bwg_container1_0 #bwg_container2_0 .bwg-container-0.bwg-standard-thumbnails .bwg-play-icon2 {      font-size: 32px;    }    #bwg_container1_0 #bwg_container2_0 .bwg-container-0.bwg-standard-thumbnails .bwg-ecommerce2 {      font-size: 19.2px;      color: #CCCCCC;    }    <\/style>    <div id=\"bwg_container1_0\"         class=\"bwg_container bwg_thumbnail bwg_thumbnails\"         data-right-click-protection=\"0\"         data-bwg=\"0\"         data-current-url=\"http:\/\/cajovnajasminka.sk\/index.php?rest_route=%2Fwp%2Fv2%2Fpages%2F47\"         data-lightbox-url=\"http:\/\/cajovnajasminka.sk\/wp-admin\/admin-ajax.php?action=GalleryBox&current_view=0&gallery_id=1&tag=0&theme_id=1&shortcode_id=2&sort_by=order&order_by=asc&current_url=http%3A%2F%2Fcajovnajasminka.sk%2Findex.php%3Frest_route%3D%252Fwp%252Fv2%252Fpages%252F47\"         data-gallery-id=\"1\"         data-popup-width=\"800\"         data-popup-height=\"500\"         data-buttons-position=\"bottom\">      <div id=\"bwg_container2_0\">             <div id=\"ajax_loading_0\" class=\"bwg_loading_div_1\">      <div class=\"bwg_loading_div_2\">        <div class=\"bwg_loading_div_3\">          <div id=\"loading_div_0\" class=\"bwg_spider_ajax_loading\">          <\/div>        <\/div>      <\/div>    <\/div>            <form id=\"gal_front_form_0\"              class=\"bwg-hidden\"              method=\"post\"              action=\"#\"              data-current=\"0\"              data-shortcode-id=\"2\"              data-gallery-type=\"thumbnails\"              data-gallery-id=\"1\"              data-tag=\"0\"              data-album-id=\"0\"              data-theme-id=\"1\"              data-ajax-url=\"http:\/\/cajovnajasminka.sk\/wp-admin\/admin-ajax.php?action=bwg_frontend_data\">          <div id=\"bwg_container3_0\" class=\"bwg-background bwg-background-0\">                <div data-max-count=\"5\"         data-thumbnail-width=\"180\"         data-bwg=\"0\"         data-gallery-id=\"1\"         data-lightbox-url=\"http:\/\/cajovnajasminka.sk\/wp-admin\/admin-ajax.php?action=GalleryBox&current_view=0&gallery_id=1&tag=0&theme_id=1&shortcode_id=2&sort_by=order&order_by=asc&current_url=http%3A%2F%2Fcajovnajasminka.sk%2Findex.php%3Frest_route%3D%252Fwp%252Fv2%252Fpages%252F47\"         id=\"bwg_thumbnails_0\"         class=\"bwg-container-0 bwg-thumbnails bwg-standard-thumbnails bwg-container bwg-border-box\">            <div class=\"bwg-item\">        <a class=\"bwg-a bwg_lightbox\"  data-image-id=\"3\" href=\"http:\/\/cajovnajasminka.sk\/wp-content\/uploads\/photo-gallery\/1973.jpg\">                <div class=\"bwg-item0 \">          <div class=\"bwg-item1 \">            <div class=\"bwg-item2\">              <img class=\"skip-lazy bwg_standart_thumb_img_0 \"                   data-id=\"3\"                   data-width=\"\"                   data-height=\"\"                   data-original=\"http:\/\/cajovnajasminka.sk\/wp-content\/uploads\/photo-gallery\/thumb\/1973.jpg\"                   src=\"http:\/\/cajovnajasminka.sk\/wp-content\/uploads\/photo-gallery\/thumb\/1973.jpg\"                   alt=\"1973\" \/>            <\/div>            <div class=\"\">                                                      <\/div>          <\/div>        <\/div>                                <\/a>      <\/div>            <div class=\"bwg-item\">        <a class=\"bwg-a bwg_lightbox\"  data-image-id=\"2\" href=\"http:\/\/cajovnajasminka.sk\/wp-content\/uploads\/photo-gallery\/1743.jpg\">                <div class=\"bwg-item0 \">          <div class=\"bwg-item1 \">            <div class=\"bwg-item2\">              <img class=\"skip-lazy bwg_standart_thumb_img_0 \"                   data-id=\"2\"                   data-width=\"\"                   data-height=\"\"                   data-original=\"http:\/\/cajovnajasminka.sk\/wp-content\/uploads\/photo-gallery\/thumb\/1743.jpg\"                   src=\"http:\/\/cajovnajasminka.sk\/wp-content\/uploads\/photo-gallery\/thumb\/1743.jpg\"                   alt=\"1743\" \/>            <\/div>            <div class=\"\">                                                      <\/div>          <\/div>        <\/div>                                <\/a>      <\/div>            <div class=\"bwg-item\">        <a class=\"bwg-a bwg_lightbox\"  data-image-id=\"1\" href=\"http:\/\/cajovnajasminka.sk\/wp-content\/uploads\/photo-gallery\/1744.jpg\">                <div class=\"bwg-item0 \">          <div class=\"bwg-item1 \">            <div class=\"bwg-item2\">              <img class=\"skip-lazy bwg_standart_thumb_img_0 \"                   data-id=\"1\"                   data-width=\"\"                   data-height=\"\"                   data-original=\"http:\/\/cajovnajasminka.sk\/wp-content\/uploads\/photo-gallery\/thumb\/1744.jpg\"                   src=\"http:\/\/cajovnajasminka.sk\/wp-content\/uploads\/photo-gallery\/thumb\/1744.jpg\"                   alt=\"1744\" \/>            <\/div>            <div class=\"\">                                                      <\/div>          <\/div>        <\/div>                                <\/a>      <\/div>          <\/div>    <style>      \/*pagination styles*\/      #bwg_container1_0 #bwg_container2_0 .tablenav-pages_0 {      text-align: center;      font-size: 12px;      font-family: segoe ui;      font-weight: bold;      color: #666666;      margin: 6px 0 4px;      display: block;      height: 30px;      line-height: 30px;      }      @media only screen and (max-width : 320px) {      #bwg_container1_0 #bwg_container2_0 .displaying-num_0 {      display: none;      }      }      #bwg_container1_0 #bwg_container2_0 .displaying-num_0 {      font-size: 12px;      font-family: segoe ui;      font-weight: bold;      color: #666666;      margin-right: 10px;      vertical-align: middle;      }      #bwg_container1_0 #bwg_container2_0 .paging-input_0 {      font-size: 12px;      font-family: segoe ui;      font-weight: bold;      color: #666666;      vertical-align: middle;      }      #bwg_container1_0 #bwg_container2_0 .tablenav-pages_0 a.disabled,      #bwg_container1_0 #bwg_container2_0 .tablenav-pages_0 a.disabled:hover,      #bwg_container1_0 #bwg_container2_0 .tablenav-pages_0 a.disabled:focus {      cursor: default;      color: rgba(102, 102, 102, 0.5);      }      #bwg_container1_0 #bwg_container2_0 .tablenav-pages_0 a {      cursor: pointer;      font-size: 12px;      font-family: segoe ui;      font-weight: bold;      color: #666666;      text-decoration: none;      padding: 3px 6px;      margin: 0;      border-radius: 0;      border-style: solid;      border-width: 1px;      border-color: #E3E3E3;      background-color: #FFFFFF;      opacity: 1.00;      box-shadow: 0;      transition: all 0.3s ease 0s;-webkit-transition: all 0.3s ease 0s;      }      <\/style>      <span class=\"bwg_nav_cont_0\">              <div class=\"tablenav-pages_0\">                  <\/div>                <input type=\"hidden\" id=\"page_number_0\" name=\"page_number_0\" value=\"1\" \/>      <script type=\"text\/javascript\">        function spider_page_0(cur, x, y, load_more) {          if (typeof load_more == \"undefined\") {            var load_more = false;          }          if (jQuery(cur).hasClass('disabled')) {            return false;          }          var items_county_0 = 1;          switch (y) {            case 1:              if (x >= items_county_0) {                document.getElementById('page_number_0').value = items_county_0;              }              else {                document.getElementById('page_number_0').value = x + 1;              }              break;            case 2:              document.getElementById('page_number_0').value = items_county_0;              break;            case -1:              if (x == 1) {                document.getElementById('page_number_0').value = 1;              }              else {                document.getElementById('page_number_0').value = x - 1;              }              break;            case -2:              document.getElementById('page_number_0').value = 1;              break;            default:              document.getElementById('page_number_0').value = 1;          }          bwg_ajax('gal_front_form_0', '0', 'bwg_thumbnails_0', '0', '', '', 0, '', '', load_more, '', 1);        }                    jQuery('.first-page-0').on('click', function () {              spider_page_0(this, 1, -2, 'numeric');              return false;            });            jQuery('.prev-page-0').on('click', function () {              spider_page_0(this, 1, -1, 'numeric');              return false;            });            jQuery('.next-page-0').on('click', function () {              spider_page_0(this, 1, 1, 'numeric');              return false;            });            jQuery('.last-page-0').on('click', function () {              spider_page_0(this, 1, 2, 'numeric');              return false;            });                jQuery('.bwg_load_btn_0').on('click', function () {            spider_page_0(this, 1, 1, true);            return false;        });      <\/script>      <\/span>                <\/div>        <\/form>          <style>          #bwg_container1_0 #bwg_container2_0 #spider_popup_overlay_0 {          background-color: #000000;          opacity: 0.70;          }          <\/style>        <div id=\"bwg_spider_popup_loading_0\" class=\"bwg_spider_popup_loading\"><\/div>        <div id=\"spider_popup_overlay_0\" class=\"spider_popup_overlay\" onclick=\"spider_destroypopup(1000)\"><\/div>        <input type=\"hidden\" id=\"bwg_random_seed_0\" value=\"1601965614\">                <\/div>    <\/div>    <script>      jQuery(function() {        if( typeof bwg_main_ready == 'function' ) {          bwg_main_ready();        }      });    <\/script>    \n","protected":false},"excerpt":{"rendered":"<p>Sme predov\u0161etk\u00fdm miestom, kde si m\u00f4\u017eete da\u0165 skvel\u00fd \u010daj, k\u00e1vu a ochutna\u0165 sladk\u00e9 \u010di slan\u00e9, tradi\u010dn\u00e9 i netradi\u010dn\u00e9 dobroty. Chceme V\u00e1m pon\u00faknu\u0165 kvalitn\u00e9 ob\u010derstvenie a n\u00e1poje za rozumn\u00fa cenu v pr\u00edjemnom prostred\u00ed. Sta\u010d\u00ed si len vybra\u0165, bu\u010f na na\u0161ich webov\u00fdch str\u00e1nkach, alebo sa u n\u00e1s rovno zastavte! N\u00e1\u0161 profesion\u00e1lny a v\u017edy usmievav\u00fd person\u00e1l sa u\u017e<\/p>\n","protected":false},"author":1,"featured_media":0,"parent":0,"menu_order":1,"comment_status":"closed","ping_status":"closed","template":"","meta":[],"_links":{"self":[{"href":"http:\/\/cajovnajasminka.sk\/index.php?rest_route=\/wp\/v2\/pages\/47"}],"collection":[{"href":"http:\/\/cajovnajasminka.sk\/index.php?rest_route=\/wp\/v2\/pages"}],"about":[{"href":"http:\/\/cajovnajasminka.sk\/index.php?rest_route=\/wp\/v2\/types\/page"}],"author":[{"embeddable":true,"href":"http:\/\/cajovnajasminka.sk\/index.php?rest_route=\/wp\/v2\/users\/1"}],"replies":[{"embeddable":true,"href":"http:\/\/cajovnajasminka.sk\/index.php?rest_route=%2Fwp%2Fv2%2Fcomments&post=47"}],"version-history":[{"count":10,"href":"http:\/\/cajovnajasminka.sk\/index.php?rest_route=\/wp\/v2\/pages\/47\/revisions"}],"predecessor-version":[{"id":82,"href":"http:\/\/cajovnajasminka.sk\/index.php?rest_route=\/wp\/v2\/pages\/47\/revisions\/82"}],"wp:attachment":[{"href":"http:\/\/cajovnajasminka.sk\/index.php?rest_route=%2Fwp%2Fv2%2Fmedia&parent=47"}],"curies":[{"name":"wp","href":"https:\/\/api.w.org\/{rel}","templated":true}]}}